{"id":289,"date":"2022-05-12T14:01:10","date_gmt":"2022-05-12T14:01:10","guid":{"rendered":"https:\/\/preview.treethemes.com\/hazel\/demo13\/?page_id=289"},"modified":"2024-02-20T18:43:22","modified_gmt":"2024-02-20T18:43:22","slug":"clients","status":"publish","type":"page","link":"https:\/\/www.barber.si\/index.php\/clients\/","title":{"rendered":"Clients"},"content":{"rendered":"<div class=\"wpb-content-wrapper\"><p>[vc_row bg_type=&#8221;grad&#8221; bg_override=&#8221;ex-full&#8221; css=&#8221;.vc_custom_1708277742927{padding-top: 120px !important;padding-bottom: 120px !important;}&#8221; bg_grad=&#8221;background: -webkit-gradient(linear, left top, left bottom, color-stop(0%, #FFFFFF), color-stop(98%, #FBF6F1));background: -moz-linear-gradient(top,#FFFFFF 0%,#FBF6F1 98%);background: -webkit-linear-gradient(top,#FFFFFF 0%,#FBF6F1 98%);background: -o-linear-gradient(top,#FFFFFF 0%,#FBF6F1 98%);background: -ms-linear-gradient(top,#FFFFFF 0%,#FBF6F1 98%);background: linear-gradient(top,#FFFFFF 0%,#FBF6F1 98%);&#8221; el_class=&#8221;zaupajo_nam&#8221;][vc_column]<div id=\"ultimate-heading-648169f3abc8e0c13\" class=\"uvc-heading ult-adjust-bottom-margin ultimate-heading-648169f3abc8e0c13 uvc-9178 \" data-hspacer=\"line_only\"  data-halign=\"center\" style=\"text-align:center\"><div class=\"uvc-heading-spacer line_only\" style=\"margin-bottom:40px;height:40px;\"><span class=\"uvc-headings-line\" style=\"border-style:solid;border-bottom-width:40px;border-color:#000000;width:2px;\"><\/span><\/div><\/div>[vc_custom_heading text=&#8221;SKUPAJ GRADIMO POT DO USPEHA&#8221; font_container=&#8221;tag:h6|text_align:center&#8221; use_theme_fonts=&#8221;yes&#8221;][vc_custom_heading text=&#8221;Na\u0161i poslovni partnerji&#8221; font_container=&#8221;tag:h2|text_align:center&#8221; use_theme_fonts=&#8221;yes&#8221;][vc_empty_space height=&#8221;20px&#8221;][vc_row_inner][vc_column_inner width=&#8221;1\/6&#8243;][\/vc_column_inner][vc_column_inner width=&#8221;2\/3&#8243;][vc_column_text]<\/p>\n<p style=\"text-align: center;\">V na\u0161em poslovnem okolju vrednotimo in gradimo trdne odnose s poslovnimi partnerji, ki so klju\u010dni steber na\u0161ega uspeha. Zavezani smo k sodelovanju z inovativnimi podjetji in organizacijami, ki delijo na\u0161o strast do odli\u010dnosti<\/p>\n<p>[\/vc_column_text][\/vc_column_inner][vc_column_inner width=&#8221;1\/6&#8243;][\/vc_column_inner][\/vc_row_inner][vc_empty_space height=&#8221;40px&#8221;]<div id=\"testimonials-slider-1\" class=\"testimonials-style2 style-dark testimonials-align-center \"><ul class=\"slides styled-list\" style=\"max-height:650px;\" ><li class=\"testimonials-slide\"><div class=\"testimonials-slide-content container\"><div class=\"testimonilas1bg\"><div class=\"img-container\"><img decoding=\"async\" title=\"\" src=\"https:\/\/www.barber.si\/wp-content\/uploads\/2024\/06\/heaven-hell.jpg\" alt=\"\"><\/div><div class=\"text-container\"><span class=\"testimonials_text_content\"><a href=\"https:\/\/www.heaven-hell.si\/en\/\">Heaven Hell<\/a><\/span><\/div><span class=\"t-author\"><\/span><\/div><\/div><\/li><li class=\"testimonials-slide\"><div class=\"testimonials-slide-content container\"><div class=\"testimonilas1bg\"><div class=\"img-container\"><img decoding=\"async\" title=\"\" src=\"https:\/\/www.barber.si\/wp-content\/uploads\/2024\/06\/apace-pohistvo.jpg\" alt=\"\"><\/div><div class=\"text-container\"><span class=\"testimonials_text_content\"><a href=\"http:\/\/www.pohistvo-apace.com\/\">Pohi\u0161tvo Apa\u010de<\/a><\/span><\/div><span class=\"t-author\"><\/span><\/div><\/div><\/li><li class=\"testimonials-slide\"><div class=\"testimonials-slide-content container\"><div class=\"testimonilas1bg\"><div class=\"img-container\"><img decoding=\"async\" title=\"\" src=\"https:\/\/www.barber.si\/wp-content\/uploads\/2024\/06\/robeta.jpg\" alt=\"\"><\/div><div class=\"text-container\"><span class=\"testimonials_text_content\"><a href=\"https:\/\/robetamobil.com\/home\">Robeta<\/a><\/span><\/div><span class=\"t-author\"><\/span><\/div><\/div><\/li><li class=\"testimonials-slide\"><div class=\"testimonials-slide-content container\"><div class=\"testimonilas1bg\"><div class=\"img-container\"><img decoding=\"async\" title=\"\" src=\"https:\/\/www.barber.si\/wp-content\/uploads\/2024\/06\/m-vita.jpg\" alt=\"\"><\/div><div class=\"text-container\"><span class=\"testimonials_text_content\"><a href=\"https:\/\/www.m-vita.si\/\">M-Vita<\/a><\/span><\/div><span class=\"t-author\"><\/span><\/div><\/div><\/li><li class=\"testimonials-slide\"><div class=\"testimonials-slide-content container\"><div class=\"testimonilas1bg\"><div class=\"img-container\"><img decoding=\"async\" title=\"\" src=\"https:\/\/www.barber.si\/wp-content\/uploads\/2024\/06\/korosak.jpg\" alt=\"\"><\/div><div class=\"text-container\"><span class=\"testimonials_text_content\"><a href=\"http:\/\/www.korosak.si\/\">Koro\u0161ak d.o.o.<\/a><\/span><\/div><span class=\"t-author\"><\/span><\/div><\/div><\/li><li class=\"testimonials-slide\"><div class=\"testimonials-slide-content container\"><div class=\"testimonilas1bg\"><div class=\"img-container\"><img decoding=\"async\" title=\"\" src=\"https:\/\/www.barber.si\/wp-content\/uploads\/2024\/06\/wellnes.jpg\" alt=\"\"><\/div><div class=\"text-container\"><span class=\"testimonials_text_content\"><a href=\"https:\/\/secret-wellness.si\/en\/home\/\">Secret Wellness<\/a><\/span><\/div><span class=\"t-author\"><\/span><\/div><\/div><\/li><li class=\"testimonials-slide\"><div class=\"testimonials-slide-content container\"><div class=\"testimonilas1bg\"><div class=\"img-container\"><img decoding=\"async\" title=\"\" src=\"https:\/\/www.barber.si\/wp-content\/uploads\/2024\/06\/xal.jpg\" alt=\"\"><\/div><div class=\"text-container\"><span class=\"testimonials_text_content\"><a href=\"https:\/\/www.xal.com\/en\">XAL svetila<\/a><\/span><\/div><span class=\"t-author\"><\/span><\/div><\/div><\/li><li class=\"testimonials-slide\"><div class=\"testimonials-slide-content container\"><div class=\"testimonilas1bg\"><div class=\"img-container\"><img decoding=\"async\" title=\"\" src=\"https:\/\/www.barber.si\/wp-content\/uploads\/2024\/04\/Praprotnik.jpg\" alt=\"\"><\/div><div class=\"text-container\"><span class=\"testimonials_text_content\"><a href=\"https:\/\/www.tiskarna-aip.si\/\">Tiskarna Praprotnik<\/a><\/span><\/div><span class=\"t-author\"><\/span><\/div><\/div><\/li><li class=\"testimonials-slide\"><div class=\"testimonials-slide-content container\"><div class=\"testimonilas1bg\"><div class=\"img-container\"><img decoding=\"async\" title=\"\" src=\"https:\/\/www.barber.si\/wp-content\/uploads\/2024\/04\/tratnjek.jpg\" alt=\"\"><\/div><div class=\"text-container\"><span class=\"testimonials_text_content\"><a href=\"https:\/\/tratnjek.si\/\">Klima center Tratnjek<\/a><\/span><\/div><span class=\"t-author\"><\/span><\/div><\/div><\/li><li class=\"testimonials-slide\"><div class=\"testimonials-slide-content container\"><div class=\"testimonilas1bg\"><div class=\"img-container\"><img decoding=\"async\" title=\"\" src=\"https:\/\/www.barber.si\/wp-content\/uploads\/2024\/04\/C21.jpg\" alt=\"\"><\/div><div class=\"text-container\"><span class=\"testimonials_text_content\"><a href=\"https:\/\/c21.si\/c21-agencije\/p\/century-21-prekmurje-nepremicnine.html#search\">CENTURY 21<\/a><\/span><\/div><span class=\"t-author\"><\/span><\/div><\/div><\/li><li class=\"testimonials-slide\"><div class=\"testimonials-slide-content container\"><div class=\"testimonilas1bg\"><div class=\"img-container\"><img decoding=\"async\" title=\"\" src=\"https:\/\/www.barber.si\/wp-content\/uploads\/2021\/04\/strehe-maucec.jpg\" alt=\"\"><\/div><div class=\"text-container\"><span class=\"testimonials_text_content\"><a href=\"https:\/\/strehe-maucec.com\/\">TESARSTVO MAU\u010cEC<\/a><\/span><\/div><span class=\"t-author\"><\/span><\/div><\/div><\/li><li class=\"testimonials-slide\"><div class=\"testimonials-slide-content container\"><div class=\"testimonilas1bg\"><div class=\"img-container\"><img decoding=\"async\" title=\"\" src=\"https:\/\/www.barber.si\/wp-content\/uploads\/2021\/04\/petek.jpg\" alt=\"\"><\/div><div class=\"text-container\"><span class=\"testimonials_text_content\"><a href=\"https:\/\/www.kamnosestvo.si\/\">KAMNOSE\u0160TVO PETEK<\/a><\/span><\/div><span class=\"t-author\"><\/span><\/div><\/div><\/li><li class=\"testimonials-slide\"><div class=\"testimonials-slide-content container\"><div class=\"testimonilas1bg\"><div class=\"img-container\"><img decoding=\"async\" title=\"\" src=\"https:\/\/www.barber.si\/wp-content\/uploads\/2021\/04\/moor.jpeg\" alt=\"\"><\/div><div class=\"text-container\"><span class=\"testimonials_text_content\"><a href=\"https:\/\/moor-op.com\/\">MOOR ORTOTIKA IN PROTETIKA<\/a><\/span><\/div><span class=\"t-author\"><\/span><\/div><\/div><\/li><li class=\"testimonials-slide\"><div class=\"testimonials-slide-content container\"><div class=\"testimonilas1bg\"><div class=\"img-container\"><img decoding=\"async\" title=\"\" src=\"https:\/\/www.barber.si\/wp-content\/uploads\/2021\/04\/Maucec-1.jpg\" alt=\"\"><\/div><div class=\"text-container\"><span class=\"testimonials_text_content\"><a href=\"https:\/\/www.zidarstvo-maucec.com\/\">ZIDARSTVO MAU\u010cEC<\/a><\/span><\/div><span class=\"t-author\"><\/span><\/div><\/div><\/li><li class=\"testimonials-slide\"><div class=\"testimonials-slide-content container\"><div class=\"testimonilas1bg\"><div class=\"img-container\"><img decoding=\"async\" title=\"\" src=\"https:\/\/www.barber.si\/wp-content\/uploads\/2021\/04\/fmodern.jpg\" alt=\"\"><\/div><div class=\"text-container\"><span class=\"testimonials_text_content\"><a href=\"https:\/\/fmodern.si\/\">F MODERN<\/a><\/span><\/div><span class=\"t-author\"><\/span><\/div><\/div><\/li><li class=\"testimonials-slide\"><div class=\"testimonials-slide-content container\"><div class=\"testimonilas1bg\"><div class=\"img-container\"><img decoding=\"async\" title=\"\" src=\"https:\/\/www.barber.si\/wp-content\/uploads\/2021\/04\/apolis_resize.jpg\" alt=\"\"><\/div><div class=\"text-container\"><span class=\"testimonials_text_content\"><a href=\"https:\/\/www.apolis.si\/\">APOLIS<\/a><\/span><\/div><span class=\"t-author\"><\/span><\/div><\/div><\/li><\/ul><\/div>\n\t\t\t<script type=\"text\/javascript\">\n\t\t\t\tjQuery(document).ready(function(){\n\t\t\t\t\t\n\t\t\t\t\tif (window.self===window.top){\n\t\t\t\t\t\tif (jQuery('body').is('.wp-admin.compose-mode')){\n\t\t\t\t\t\t\treturn;\n\t\t\t\t\t\t}\n\t\t\t\t\t}\n\t\t\t\t\t\n\t\t\t\t\tvar who = jQuery('#testimonials-slider-1 ul.slides');\n\t\t\t\t\n\t\t\t\t\tvar opts = ['slide','horizontal','yes','3500','1500','no','yes','yes','dark','3','2','1','1'];\n\t\t\t\t\tif (opts[2] == 'yes') opts[2] = true; else opts[2] = false;\n\t\t\t\t\tif (opts[5] == 'yes') {\n\t\t\t\t\t\topts[5] = true;\n\t\t\t\t\t} else opts[5] = false;\n\t\t\t\t\tif (opts[6] == 'yes') {\n\t\t\t\t\t\topts[6] = true;\n\t\t\t\t\t} else opts[6] = false;\n\t\t\t\t\tif (opts[7] == 'yes') opts[7] = true; else opts[7] = false;\n\t\t\t\t\tif (opts[0] == 'fade') opts[0] = true; else opts[0] = false;\n\t\t\t\t\n\t\t\t\t\twho.slick({\n\t\t\t\t\t\tfade: opts[0],\n\t\t\t\t\t\tdots: opts[6], \n\t\t\t\t\t\tautoplay: opts[2], \n\t\t\t\t\t\tautoplaySpeed:opts[3], speed:opts[4], infinite: true,\n\t\t\t\t\t\tarrows: opts[5],\n\t\t\t\t\t\tadaptiveHeight:true,\n\t\t\t\t\t\tnextArrow:'<button type=\"button\" class=\"slick-next default\"><i class=\"ultsl-arrow-right6\"><\/i><\/button>',\n\t\t\t\t\t\tprevArrow:'<button type=\"button\" class=\"slick-prev default\"><i class=\"ultsl-arrow-left6\"><\/i><\/button>',\n\t\t\t\t\t\tswipe:true,\n\t\t\t\t\t\tdraggable:true,\n\t\t\t\t\t\ttouchMove:true,\n\t\t\t\t\t\tslidesToScroll: parseInt(opts[9],10),\n\t\t\t\t\t\tslidesToShow: parseInt(opts[9],10),\n\t\t\t\t\t\tresponsive:[{\n\t\t\t\t\t\t\tbreakpoint: 1024,\n\t\t\t\t\t\t\tsettings:{\n\t\t\t\t\t\t\t\tslidesToShow: parseInt(opts[10],10),\n\t\t\t\t\t\t\t\tslidesToScroll: parseInt(opts[10],10)\n\t\t\t\t\t\t\t}\n\t\t\t\t\t\t},{\n\t\t\t\t\t\t\tbreakpoint: 768,\n\t\t\t\t\t\t\tsettings:{\n\t\t\t\t\t\t\t\tslidesToShow: parseInt(opts[11],10),\n\t\t\t\t\t\t\t\tslidesToScroll: parseInt(opts[11],10)\n\t\t\t\t\t\t\t}\n\t\t\t\t\t\t},{\n\t\t\t\t\t\t\tbreakpoint: 480,\n\t\t\t\t\t\t\tsettings:{\n\t\t\t\t\t\t\t\tslidesToShow: parseInt(opts[12],10),\n\t\t\t\t\t\t\t\tslidesToScroll: parseInt(opts[12],10)\n\t\t\t\t\t\t\t}\n\t\t\t\t\t\t}],\n\t\t\t\t\t\tpauseOnHover:opts[7],\n\t\t\t\t\t\tpauseOnDotsHover:opts[7],\n\t\t\t\t\t\tcustomPaging:function(slider,i){\n\t\t\t\t\t\t\treturn'<i type=\"button\" class=\"ultsl-record\" data-role=\"none\"><\/i>';\n\t\t\t\t\t\t}\n\t\t\t\t\t});\n\t\t\t\t});\n\t\t\t<\/script>[\/vc_column][\/vc_row]<\/p>\n<\/div>","protected":false},"excerpt":{"rendered":"<p>[vc_row bg_type=&#8221;grad&#8221; bg_override=&#8221;ex-full&#8221; css=&#8221;.vc_custom_1708277742927{padding-top: 120px !important;padding-bottom: 120px !important;}&#8221; bg_grad=&#8221;background: -webkit-gradient(linear, left top, left bottom, color-stop(0%, #FFFFFF), color-stop(98%, #FBF6F1));background: -moz-linear-gradient(top,#FFFFFF 0%,#FBF6F1 98%);background: -webkit-linear-gradient(top,#FFFFFF 0%,#FBF6F1 98%);background: -o-linear-gradient(top,#FFFFFF 0%,#FBF6F1 98%);background: -ms-linear-gradient(top,#FFFFFF 0%,#FBF6F1 98%);background: linear-gradient(top,#FFFFFF 0%,#FBF6F1 98%);&#8221; el_class=&#8221;zaupajo_nam&#8221;][vc_column][vc_custom_heading text=&#8221;SKUPAJ GRADIMO POT DO USPEHA&#8221; font_container=&#8221;tag:h6|text_align:center&#8221; use_theme_fonts=&#8221;yes&#8221;][vc_custom_heading text=&#8221;Na\u0161i poslovni partnerji&#8221; font_container=&#8221;tag:h2|text_align:center&#8221; use_theme_fonts=&#8221;yes&#8221;][vc_empty_space height=&#8221;20px&#8221;][vc_row_inner][vc_column_inner width=&#8221;1\/6&#8243;][\/vc_column_inner][vc_column_inner width=&#8221;2\/3&#8243;][vc_column_text] V na\u0161em poslovnem okolju vrednotimo in [&hellip;]<\/p>\n","protected":false},"author":2,"featured_media":0,"parent":0,"menu_order":0,"comment_status":"closed","ping_status":"closed","template":"one-page-template.php","meta":{"footnotes":""},"class_list":["post-289","page","type-page","status-publish","hentry"],"yoast_head":"<!-- This site is optimized with the Yoast SEO plugin v27.5 - https:\/\/yoast.com\/product\/yoast-seo-wordpress\/ -->\n<title>Clients - Kovinarstvo Barber<\/title>\n<meta name=\"robots\" content=\"index, follow, max-snippet:-1, max-image-preview:large, max-video-preview:-1\" \/>\n<link rel=\"canonical\" href=\"https:\/\/www.barber.si\/index.php\/clients\/\" \/>\n<meta property=\"og:locale\" content=\"en_US\" \/>\n<meta property=\"og:type\" content=\"article\" \/>\n<meta property=\"og:title\" content=\"Clients - Kovinarstvo Barber\" \/>\n<meta property=\"og:description\" content=\"[vc_row bg_type=&#8221;grad&#8221; bg_override=&#8221;ex-full&#8221; css=&#8221;.vc_custom_1708277742927{padding-top: 120px !important;padding-bottom: 120px !important;}&#8221; bg_grad=&#8221;background: -webkit-gradient(linear, left top, left bottom, color-stop(0%, #FFFFFF), color-stop(98%, #FBF6F1));background: -moz-linear-gradient(top,#FFFFFF 0%,#FBF6F1 98%);background: -webkit-linear-gradient(top,#FFFFFF 0%,#FBF6F1 98%);background: -o-linear-gradient(top,#FFFFFF 0%,#FBF6F1 98%);background: -ms-linear-gradient(top,#FFFFFF 0%,#FBF6F1 98%);background: linear-gradient(top,#FFFFFF 0%,#FBF6F1 98%);&#8221; el_class=&#8221;zaupajo_nam&#8221;][vc_column][vc_custom_heading text=&#8221;SKUPAJ GRADIMO POT DO USPEHA&#8221; font_container=&#8221;tag:h6|text_align:center&#8221; use_theme_fonts=&#8221;yes&#8221;][vc_custom_heading text=&#8221;Na\u0161i poslovni partnerji&#8221; font_container=&#8221;tag:h2|text_align:center&#8221; use_theme_fonts=&#8221;yes&#8221;][vc_empty_space height=&#8221;20px&#8221;][vc_row_inner][vc_column_inner width=&#8221;1\/6&#8243;][\/vc_column_inner][vc_column_inner width=&#8221;2\/3&#8243;][vc_column_text] V na\u0161em poslovnem okolju vrednotimo in [&hellip;]\" \/>\n<meta property=\"og:url\" content=\"https:\/\/www.barber.si\/index.php\/clients\/\" \/>\n<meta property=\"og:site_name\" content=\"Kovinarstvo Barber\" \/>\n<meta property=\"article:publisher\" content=\"https:\/\/www.facebook.com\/profile.php?id=100064103171417\" \/>\n<meta property=\"article:modified_time\" content=\"2024-02-20T18:43:22+00:00\" \/>\n<meta name=\"twitter:card\" content=\"summary_large_image\" \/>\n<meta name=\"twitter:label1\" content=\"Est. reading time\" \/>\n\t<meta name=\"twitter:data1\" content=\"1 minute\" \/>\n<script type=\"application\/ld+json\" class=\"yoast-schema-graph\">{\"@context\":\"https:\\\/\\\/schema.org\",\"@graph\":[{\"@type\":\"WebPage\",\"@id\":\"https:\\\/\\\/www.barber.si\\\/index.php\\\/clients\\\/\",\"url\":\"https:\\\/\\\/www.barber.si\\\/index.php\\\/clients\\\/\",\"name\":\"Clients - Kovinarstvo Barber\",\"isPartOf\":{\"@id\":\"https:\\\/\\\/www.barber.si\\\/#website\"},\"datePublished\":\"2022-05-12T14:01:10+00:00\",\"dateModified\":\"2024-02-20T18:43:22+00:00\",\"breadcrumb\":{\"@id\":\"https:\\\/\\\/www.barber.si\\\/index.php\\\/clients\\\/#breadcrumb\"},\"inLanguage\":\"en\",\"potentialAction\":[{\"@type\":\"ReadAction\",\"target\":[\"https:\\\/\\\/www.barber.si\\\/index.php\\\/clients\\\/\"]}]},{\"@type\":\"BreadcrumbList\",\"@id\":\"https:\\\/\\\/www.barber.si\\\/index.php\\\/clients\\\/#breadcrumb\",\"itemListElement\":[{\"@type\":\"ListItem\",\"position\":1,\"name\":\"Home\",\"item\":\"https:\\\/\\\/www.barber.si\\\/\"},{\"@type\":\"ListItem\",\"position\":2,\"name\":\"Clients\"}]},{\"@type\":\"WebSite\",\"@id\":\"https:\\\/\\\/www.barber.si\\\/#website\",\"url\":\"https:\\\/\\\/www.barber.si\\\/\",\"name\":\"Kovinarstvo Barber\",\"description\":\"Ograje | Nadstre&scaron;ki | Stopni&scaron;\u010da | Pergole\",\"publisher\":{\"@id\":\"https:\\\/\\\/www.barber.si\\\/#organization\"},\"potentialAction\":[{\"@type\":\"SearchAction\",\"target\":{\"@type\":\"EntryPoint\",\"urlTemplate\":\"https:\\\/\\\/www.barber.si\\\/?s={search_term_string}\"},\"query-input\":{\"@type\":\"PropertyValueSpecification\",\"valueRequired\":true,\"valueName\":\"search_term_string\"}}],\"inLanguage\":\"en\"},{\"@type\":\"Organization\",\"@id\":\"https:\\\/\\\/www.barber.si\\\/#organization\",\"name\":\"Kovinarstvo Barber\",\"url\":\"https:\\\/\\\/www.barber.si\\\/\",\"logo\":{\"@type\":\"ImageObject\",\"inLanguage\":\"en\",\"@id\":\"https:\\\/\\\/www.barber.si\\\/#\\\/schema\\\/logo\\\/image\\\/\",\"url\":\"https:\\\/\\\/www.barber.si\\\/wp-content\\\/uploads\\\/2025\\\/01\\\/Right.Black_.Transp.png\",\"contentUrl\":\"https:\\\/\\\/www.barber.si\\\/wp-content\\\/uploads\\\/2025\\\/01\\\/Right.Black_.Transp.png\",\"width\":9154,\"height\":1999,\"caption\":\"Kovinarstvo Barber\"},\"image\":{\"@id\":\"https:\\\/\\\/www.barber.si\\\/#\\\/schema\\\/logo\\\/image\\\/\"},\"sameAs\":[\"https:\\\/\\\/www.facebook.com\\\/profile.php?id=100064103171417\"]}]}<\/script>\n<!-- \/ Yoast SEO plugin. -->","yoast_head_json":{"title":"Clients - Kovinarstvo Barber","robots":{"index":"index","follow":"follow","max-snippet":"max-snippet:-1","max-image-preview":"max-image-preview:large","max-video-preview":"max-video-preview:-1"},"canonical":"https:\/\/www.barber.si\/index.php\/clients\/","og_locale":"en_US","og_type":"article","og_title":"Clients - Kovinarstvo Barber","og_description":"[vc_row bg_type=&#8221;grad&#8221; bg_override=&#8221;ex-full&#8221; css=&#8221;.vc_custom_1708277742927{padding-top: 120px !important;padding-bottom: 120px !important;}&#8221; bg_grad=&#8221;background: -webkit-gradient(linear, left top, left bottom, color-stop(0%, #FFFFFF), color-stop(98%, #FBF6F1));background: -moz-linear-gradient(top,#FFFFFF 0%,#FBF6F1 98%);background: -webkit-linear-gradient(top,#FFFFFF 0%,#FBF6F1 98%);background: -o-linear-gradient(top,#FFFFFF 0%,#FBF6F1 98%);background: -ms-linear-gradient(top,#FFFFFF 0%,#FBF6F1 98%);background: linear-gradient(top,#FFFFFF 0%,#FBF6F1 98%);&#8221; el_class=&#8221;zaupajo_nam&#8221;][vc_column][vc_custom_heading text=&#8221;SKUPAJ GRADIMO POT DO USPEHA&#8221; font_container=&#8221;tag:h6|text_align:center&#8221; use_theme_fonts=&#8221;yes&#8221;][vc_custom_heading text=&#8221;Na\u0161i poslovni partnerji&#8221; font_container=&#8221;tag:h2|text_align:center&#8221; use_theme_fonts=&#8221;yes&#8221;][vc_empty_space height=&#8221;20px&#8221;][vc_row_inner][vc_column_inner width=&#8221;1\/6&#8243;][\/vc_column_inner][vc_column_inner width=&#8221;2\/3&#8243;][vc_column_text] V na\u0161em poslovnem okolju vrednotimo in [&hellip;]","og_url":"https:\/\/www.barber.si\/index.php\/clients\/","og_site_name":"Kovinarstvo Barber","article_publisher":"https:\/\/www.facebook.com\/profile.php?id=100064103171417","article_modified_time":"2024-02-20T18:43:22+00:00","twitter_card":"summary_large_image","twitter_misc":{"Est. reading time":"1 minute"},"schema":{"@context":"https:\/\/schema.org","@graph":[{"@type":"WebPage","@id":"https:\/\/www.barber.si\/index.php\/clients\/","url":"https:\/\/www.barber.si\/index.php\/clients\/","name":"Clients - Kovinarstvo Barber","isPartOf":{"@id":"https:\/\/www.barber.si\/#website"},"datePublished":"2022-05-12T14:01:10+00:00","dateModified":"2024-02-20T18:43:22+00:00","breadcrumb":{"@id":"https:\/\/www.barber.si\/index.php\/clients\/#breadcrumb"},"inLanguage":"en","potentialAction":[{"@type":"ReadAction","target":["https:\/\/www.barber.si\/index.php\/clients\/"]}]},{"@type":"BreadcrumbList","@id":"https:\/\/www.barber.si\/index.php\/clients\/#breadcrumb","itemListElement":[{"@type":"ListItem","position":1,"name":"Home","item":"https:\/\/www.barber.si\/"},{"@type":"ListItem","position":2,"name":"Clients"}]},{"@type":"WebSite","@id":"https:\/\/www.barber.si\/#website","url":"https:\/\/www.barber.si\/","name":"Kovinarstvo Barber","description":"Ograje | Nadstre&scaron;ki | Stopni&scaron;\u010da | Pergole","publisher":{"@id":"https:\/\/www.barber.si\/#organization"},"potentialAction":[{"@type":"SearchAction","target":{"@type":"EntryPoint","urlTemplate":"https:\/\/www.barber.si\/?s={search_term_string}"},"query-input":{"@type":"PropertyValueSpecification","valueRequired":true,"valueName":"search_term_string"}}],"inLanguage":"en"},{"@type":"Organization","@id":"https:\/\/www.barber.si\/#organization","name":"Kovinarstvo Barber","url":"https:\/\/www.barber.si\/","logo":{"@type":"ImageObject","inLanguage":"en","@id":"https:\/\/www.barber.si\/#\/schema\/logo\/image\/","url":"https:\/\/www.barber.si\/wp-content\/uploads\/2025\/01\/Right.Black_.Transp.png","contentUrl":"https:\/\/www.barber.si\/wp-content\/uploads\/2025\/01\/Right.Black_.Transp.png","width":9154,"height":1999,"caption":"Kovinarstvo Barber"},"image":{"@id":"https:\/\/www.barber.si\/#\/schema\/logo\/image\/"},"sameAs":["https:\/\/www.facebook.com\/profile.php?id=100064103171417"]}]}},"_links":{"self":[{"href":"https:\/\/www.barber.si\/index.php\/wp-json\/wp\/v2\/pages\/289","targetHints":{"allow":["GET"]}}],"collection":[{"href":"https:\/\/www.barber.si\/index.php\/wp-json\/wp\/v2\/pages"}],"about":[{"href":"https:\/\/www.barber.si\/index.php\/wp-json\/wp\/v2\/types\/page"}],"author":[{"embeddable":true,"href":"https:\/\/www.barber.si\/index.php\/wp-json\/wp\/v2\/users\/2"}],"replies":[{"embeddable":true,"href":"https:\/\/www.barber.si\/index.php\/wp-json\/wp\/v2\/comments?post=289"}],"version-history":[{"count":7,"href":"https:\/\/www.barber.si\/index.php\/wp-json\/wp\/v2\/pages\/289\/revisions"}],"predecessor-version":[{"id":653,"href":"https:\/\/www.barber.si\/index.php\/wp-json\/wp\/v2\/pages\/289\/revisions\/653"}],"wp:attachment":[{"href":"https:\/\/www.barber.si\/index.php\/wp-json\/wp\/v2\/media?parent=289"}],"curies":[{"name":"wp","href":"https:\/\/api.w.org\/{rel}","templated":true}]}}