{"id":291,"date":"2022-05-12T14:01:16","date_gmt":"2022-05-12T14:01:16","guid":{"rendered":"https:\/\/preview.treethemes.com\/hazel\/demo13\/?page_id=291"},"modified":"2024-12-28T21:11:06","modified_gmt":"2024-12-28T21:11:06","slug":"contacts","status":"publish","type":"page","link":"https:\/\/www.barber.si\/index.php\/contacts\/","title":{"rendered":"Contacts"},"content":{"rendered":"<div class=\"wpb-content-wrapper\"><p>[vc_row css=&#8221;.vc_custom_1727629559076{margin-top: 120px !important;margin-bottom: 60px !important;}&#8221; el_id=&#8221;obrazec&#8221;][vc_column]<div id=\"ultimate-heading-911869f2e50066b07\" class=\"uvc-heading ult-adjust-bottom-margin ultimate-heading-911869f2e50066b07 uvc-4404 \" data-hspacer=\"line_only\"  data-halign=\"center\" style=\"text-align:center\"><div class=\"uvc-heading-spacer line_only\" style=\"margin-bottom:40px;height:40px;\"><span class=\"uvc-headings-line\" style=\"border-style:solid;border-bottom-width:40px;border-color:#000000;width:2px;\"><\/span><\/div><\/div>[vc_custom_heading text=&#8221;ENOSTAVEN STIK \u2013 HITRI ODGOVOR&#8221; font_container=&#8221;tag:h6|text_align:center&#8221; use_theme_fonts=&#8221;yes&#8221;][vc_custom_heading text=&#8221;Na\u010din, kako pridobiti najbolj\u0161o re\u0161itev&#8221; font_container=&#8221;tag:h2|text_align:center&#8221; use_theme_fonts=&#8221;yes&#8221;][vc_empty_space height=&#8221;20px&#8221;][vc_row_inner][vc_column_inner width=&#8221;1\/4&#8243;][\/vc_column_inner][vc_column_inner width=&#8221;1\/2&#8243;][vc_column_text]<\/p>\n<p style=\"text-align: center;\">Zaupajte nam svoje podatke prek obrazca in v kratkem \u010dasu boste prejeli odgovor, ki vam bo pomagal pri odlo\u010ditvah. Enostavno, hitro in zanesljivo.<\/p>\n<p>[\/vc_column_text][\/vc_column_inner][vc_column_inner width=&#8221;1\/4&#8243;][\/vc_column_inner][\/vc_row_inner][\/vc_column][\/vc_row][vc_row css=&#8221;.vc_custom_1652800632012{padding-bottom: 50px !important;}&#8221;][vc_column width=&#8221;1\/6&#8243;][\/vc_column][vc_column css_animation=&#8221;fadeInUp&#8221; width=&#8221;2\/3&#8243;]\n<div class=\"wpcf7 no-js\" id=\"wpcf7-f188-o1\" lang=\"en-US\" dir=\"ltr\" data-wpcf7-id=\"188\">\n<div class=\"screen-reader-response\"><p role=\"status\" aria-live=\"polite\" aria-atomic=\"true\"><\/p> <ul><\/ul><\/div>\n<form action=\"\/index.php\/wp-json\/wp\/v2\/pages\/291#wpcf7-f188-o1\" method=\"post\" class=\"wpcf7-form init\" aria-label=\"Contact form\" novalidate=\"novalidate\" data-status=\"init\">\n<fieldset class=\"hidden-fields-container\"><input type=\"hidden\" name=\"_wpcf7\" value=\"188\" \/><input type=\"hidden\" name=\"_wpcf7_version\" value=\"6.1.5\" \/><input type=\"hidden\" name=\"_wpcf7_locale\" value=\"en_US\" \/><input type=\"hidden\" name=\"_wpcf7_unit_tag\" value=\"wpcf7-f188-o1\" \/><input type=\"hidden\" name=\"_wpcf7_container_post\" value=\"0\" \/><input type=\"hidden\" name=\"_wpcf7_posted_data_hash\" value=\"\" \/>\n<\/fieldset>\n<div class=\"hazel-multiple-fields\">\n\t<div class=\"f-name\">\n\t\t<p>Ime: <span class=\"cforms-required\">(obvezno)<\/span>\n\t\t<\/p>\n\t\t<p><span class=\"wpcf7-form-control-wrap\" data-name=\"your-name\"><input size=\"40\" maxlength=\"400\" class=\"wpcf7-form-control wpcf7-text wpcf7-validates-as-required\" aria-required=\"true\" aria-invalid=\"false\" value=\"\" type=\"text\" name=\"your-name\" \/><\/span>\n\t\t<\/p>\n\t<\/div>\n\t<div class=\"f-email\">\n\t\t<p>Email: <span class=\"cforms-required\">(obvezno)<\/span>\n\t\t<\/p>\n\t\t<p><span class=\"wpcf7-form-control-wrap\" data-name=\"your-email\"><input size=\"40\" maxlength=\"400\" class=\"wpcf7-form-control wpcf7-email wpcf7-validates-as-required wpcf7-text wpcf7-validates-as-email\" aria-required=\"true\" aria-invalid=\"false\" value=\"\" type=\"email\" name=\"your-email\" \/><\/span>\n\t\t<\/p>\n\t<\/div>\n\t<div class=\"f-subject\">\n\t\t<p>Zadeva:\n\t\t<\/p>\n\t\t<p><span class=\"wpcf7-form-control-wrap\" data-name=\"your-subject\"><input size=\"40\" maxlength=\"400\" class=\"wpcf7-form-control wpcf7-text\" aria-invalid=\"false\" value=\"\" type=\"text\" name=\"your-subject\" \/><\/span>\n\t\t<\/p>\n\t<\/div>\n\t<div class=\"f-service\">\n\t\t<p>Storitev:\n\t\t<\/p>\n\t\t<p><span class=\"wpcf7-form-control-wrap\" data-name=\"menu-781\"><select class=\"wpcf7-form-control wpcf7-select\" aria-invalid=\"false\" name=\"menu-781\"><option value=\"Ograje\">Ograje<\/option><option value=\"Stopnice\">Stopnice<\/option><option value=\"Vrata\">Vrata<\/option><option value=\"Nadstre\u0161ki\">Nadstre\u0161ki<\/option><option value=\"Ostalo\">Ostalo<\/option><\/select><\/span>\n\t\t<\/p>\n\t<\/div>\n\t<div class=\"f-message\">\n\t\t<p>Sporo\u010dilo:\n\t\t<\/p>\n\t\t<p><span class=\"wpcf7-form-control-wrap\" data-name=\"your-message\"><textarea cols=\"40\" rows=\"10\" maxlength=\"2000\" class=\"wpcf7-form-control wpcf7-textarea\" aria-invalid=\"false\" name=\"your-message\"><\/textarea><\/span>\n\t\t<\/p>\n\t<\/div>\n\t<div class=\"bt-contact\">\n\t\t<p><a class=\"btn-contact-left\"  href=\"\"><input class=\"wpcf7-form-control wpcf7-submit has-spinner\" type=\"submit\" value=\"Po\u0161lji EMAIL\" \/><\/a>\n\t\t<\/p>\n\t<\/div>\n<\/div><div class=\"wpcf7-response-output\" aria-hidden=\"true\"><\/div>\n<\/form>\n<\/div>\n[\/vc_column][vc_column width=&#8221;1\/6&#8243;][\/vc_column][\/vc_row][vc_row bg_type=&#8221;grad&#8221; bg_override=&#8221;ex-full&#8221; css=&#8221;.vc_custom_1652722859969{padding-top: 50px !important;padding-right: 50px !important;padding-bottom: 50px !important;padding-left: 50px !important;}&#8221; bg_grad=&#8221;background: -webkit-gradient(linear, left top, left bottom, color-stop(0%, #FFFFFF), color-stop(100%, #FAFAFA));background: -moz-linear-gradient(top,#FFFFFF 0%,#FAFAFA 100%);background: -webkit-linear-gradient(top,#FFFFFF 0%,#FAFAFA 100%);background: -o-linear-gradient(top,#FFFFFF 0%,#FAFAFA 100%);background: -ms-linear-gradient(top,#FFFFFF 0%,#FAFAFA 100%);background: linear-gradient(top,#FFFFFF 0%,#FAFAFA 100%);&#8221;][vc_column width=&#8221;1\/4&#8243;][\/vc_column][vc_column css_animation=&#8221;fadeInUp&#8221; width=&#8221;1\/2&#8243;][vc_column_text]<\/p>\n<p style=\"text-align: center;\">KOVINARSTVO BARBER<br \/>\nSeverna ulica 19, 9231 Beltinci, Slovenija<br \/>\nDav\u010dna \u0161t.: 32013299<br \/>\nMati\u010dna \u0161t.: 7110561000<br \/>\ninfo@barber.si<br \/>\n(+386) 041 732 266<\/p>\n<p>[\/vc_column_text][\/vc_column][vc_column width=&#8221;1\/4&#8243;][\/vc_column][\/vc_row]<\/p>\n<\/div>","protected":false},"excerpt":{"rendered":"<p>[vc_row css=&#8221;.vc_custom_1727629559076{margin-top: 120px !important;margin-bottom: 60px !important;}&#8221; el_id=&#8221;obrazec&#8221;][vc_column][vc_custom_heading text=&#8221;ENOSTAVEN STIK \u2013 HITRI ODGOVOR&#8221; font_container=&#8221;tag:h6|text_align:center&#8221; use_theme_fonts=&#8221;yes&#8221;][vc_custom_heading text=&#8221;Na\u010din, kako pridobiti najbolj\u0161o re\u0161itev&#8221; font_container=&#8221;tag:h2|text_align:center&#8221; use_theme_fonts=&#8221;yes&#8221;][vc_empty_space height=&#8221;20px&#8221;][vc_row_inner][vc_column_inner width=&#8221;1\/4&#8243;][\/vc_column_inner][vc_column_inner width=&#8221;1\/2&#8243;][vc_column_text] Zaupajte nam svoje podatke prek obrazca in v kratkem \u010dasu boste prejeli odgovor, ki vam bo pomagal pri odlo\u010ditvah. Enostavno, hitro in zanesljivo. [\/vc_column_text][\/vc_column_inner][vc_column_inner width=&#8221;1\/4&#8243;][\/vc_column_inner][\/vc_row_inner][\/vc_column][\/vc_row][vc_row css=&#8221;.vc_custom_1652800632012{padding-bottom: 50px !important;}&#8221;][vc_column width=&#8221;1\/6&#8243;][\/vc_column][vc_column css_animation=&#8221;fadeInUp&#8221; width=&#8221;2\/3&#8243;][\/vc_column][vc_column [&hellip;]<\/p>\n","protected":false},"author":2,"featured_media":0,"parent":0,"menu_order":0,"comment_status":"closed","ping_status":"closed","template":"one-page-template.php","meta":{"footnotes":""},"class_list":["post-291","page","type-page","status-publish","hentry"],"yoast_head":"<!-- This site is optimized with the Yoast SEO plugin v27.5 - https:\/\/yoast.com\/product\/yoast-seo-wordpress\/ -->\n<title>Contacts - Kovinarstvo Barber<\/title>\n<meta name=\"robots\" content=\"index, follow, max-snippet:-1, max-image-preview:large, max-video-preview:-1\" \/>\n<link rel=\"canonical\" href=\"https:\/\/www.barber.si\/index.php\/contacts\/\" \/>\n<meta property=\"og:locale\" content=\"en_US\" \/>\n<meta property=\"og:type\" content=\"article\" \/>\n<meta property=\"og:title\" content=\"Contacts - Kovinarstvo Barber\" \/>\n<meta property=\"og:description\" content=\"[vc_row css=&#8221;.vc_custom_1727629559076{margin-top: 120px !important;margin-bottom: 60px !important;}&#8221; el_id=&#8221;obrazec&#8221;][vc_column][vc_custom_heading text=&#8221;ENOSTAVEN STIK \u2013 HITRI ODGOVOR&#8221; font_container=&#8221;tag:h6|text_align:center&#8221; use_theme_fonts=&#8221;yes&#8221;][vc_custom_heading text=&#8221;Na\u010din, kako pridobiti najbolj\u0161o re\u0161itev&#8221; font_container=&#8221;tag:h2|text_align:center&#8221; use_theme_fonts=&#8221;yes&#8221;][vc_empty_space height=&#8221;20px&#8221;][vc_row_inner][vc_column_inner width=&#8221;1\/4&#8243;][\/vc_column_inner][vc_column_inner width=&#8221;1\/2&#8243;][vc_column_text] Zaupajte nam svoje podatke prek obrazca in v kratkem \u010dasu boste prejeli odgovor, ki vam bo pomagal pri odlo\u010ditvah. Enostavno, hitro in zanesljivo. [\/vc_column_text][\/vc_column_inner][vc_column_inner width=&#8221;1\/4&#8243;][\/vc_column_inner][\/vc_row_inner][\/vc_column][\/vc_row][vc_row css=&#8221;.vc_custom_1652800632012{padding-bottom: 50px !important;}&#8221;][vc_column width=&#8221;1\/6&#8243;][\/vc_column][vc_column css_animation=&#8221;fadeInUp&#8221; width=&#8221;2\/3&#8243;][\/vc_column][vc_column [&hellip;]\" \/>\n<meta property=\"og:url\" content=\"https:\/\/www.barber.si\/index.php\/contacts\/\" \/>\n<meta property=\"og:site_name\" content=\"Kovinarstvo Barber\" \/>\n<meta property=\"article:publisher\" content=\"https:\/\/www.facebook.com\/profile.php?id=100064103171417\" \/>\n<meta property=\"article:modified_time\" content=\"2024-12-28T21:11:06+00:00\" \/>\n<meta name=\"twitter:card\" content=\"summary_large_image\" \/>\n<meta name=\"twitter:label1\" content=\"Est. reading time\" \/>\n\t<meta name=\"twitter:data1\" content=\"1 minute\" \/>\n<script type=\"application\/ld+json\" class=\"yoast-schema-graph\">{\"@context\":\"https:\\\/\\\/schema.org\",\"@graph\":[{\"@type\":\"WebPage\",\"@id\":\"https:\\\/\\\/www.barber.si\\\/index.php\\\/contacts\\\/\",\"url\":\"https:\\\/\\\/www.barber.si\\\/index.php\\\/contacts\\\/\",\"name\":\"Contacts - Kovinarstvo Barber\",\"isPartOf\":{\"@id\":\"https:\\\/\\\/www.barber.si\\\/#website\"},\"datePublished\":\"2022-05-12T14:01:16+00:00\",\"dateModified\":\"2024-12-28T21:11:06+00:00\",\"breadcrumb\":{\"@id\":\"https:\\\/\\\/www.barber.si\\\/index.php\\\/contacts\\\/#breadcrumb\"},\"inLanguage\":\"en\",\"potentialAction\":[{\"@type\":\"ReadAction\",\"target\":[\"https:\\\/\\\/www.barber.si\\\/index.php\\\/contacts\\\/\"]}]},{\"@type\":\"BreadcrumbList\",\"@id\":\"https:\\\/\\\/www.barber.si\\\/index.php\\\/contacts\\\/#breadcrumb\",\"itemListElement\":[{\"@type\":\"ListItem\",\"position\":1,\"name\":\"Home\",\"item\":\"https:\\\/\\\/www.barber.si\\\/\"},{\"@type\":\"ListItem\",\"position\":2,\"name\":\"Contacts\"}]},{\"@type\":\"WebSite\",\"@id\":\"https:\\\/\\\/www.barber.si\\\/#website\",\"url\":\"https:\\\/\\\/www.barber.si\\\/\",\"name\":\"Kovinarstvo Barber\",\"description\":\"Ograje | Nadstre&scaron;ki | Stopni&scaron;\u010da | Pergole\",\"publisher\":{\"@id\":\"https:\\\/\\\/www.barber.si\\\/#organization\"},\"potentialAction\":[{\"@type\":\"SearchAction\",\"target\":{\"@type\":\"EntryPoint\",\"urlTemplate\":\"https:\\\/\\\/www.barber.si\\\/?s={search_term_string}\"},\"query-input\":{\"@type\":\"PropertyValueSpecification\",\"valueRequired\":true,\"valueName\":\"search_term_string\"}}],\"inLanguage\":\"en\"},{\"@type\":\"Organization\",\"@id\":\"https:\\\/\\\/www.barber.si\\\/#organization\",\"name\":\"Kovinarstvo Barber\",\"url\":\"https:\\\/\\\/www.barber.si\\\/\",\"logo\":{\"@type\":\"ImageObject\",\"inLanguage\":\"en\",\"@id\":\"https:\\\/\\\/www.barber.si\\\/#\\\/schema\\\/logo\\\/image\\\/\",\"url\":\"https:\\\/\\\/www.barber.si\\\/wp-content\\\/uploads\\\/2025\\\/01\\\/Right.Black_.Transp.png\",\"contentUrl\":\"https:\\\/\\\/www.barber.si\\\/wp-content\\\/uploads\\\/2025\\\/01\\\/Right.Black_.Transp.png\",\"width\":9154,\"height\":1999,\"caption\":\"Kovinarstvo Barber\"},\"image\":{\"@id\":\"https:\\\/\\\/www.barber.si\\\/#\\\/schema\\\/logo\\\/image\\\/\"},\"sameAs\":[\"https:\\\/\\\/www.facebook.com\\\/profile.php?id=100064103171417\"]}]}<\/script>\n<!-- \/ Yoast SEO plugin. -->","yoast_head_json":{"title":"Contacts - Kovinarstvo Barber","robots":{"index":"index","follow":"follow","max-snippet":"max-snippet:-1","max-image-preview":"max-image-preview:large","max-video-preview":"max-video-preview:-1"},"canonical":"https:\/\/www.barber.si\/index.php\/contacts\/","og_locale":"en_US","og_type":"article","og_title":"Contacts - Kovinarstvo Barber","og_description":"[vc_row css=&#8221;.vc_custom_1727629559076{margin-top: 120px !important;margin-bottom: 60px !important;}&#8221; el_id=&#8221;obrazec&#8221;][vc_column][vc_custom_heading text=&#8221;ENOSTAVEN STIK \u2013 HITRI ODGOVOR&#8221; font_container=&#8221;tag:h6|text_align:center&#8221; use_theme_fonts=&#8221;yes&#8221;][vc_custom_heading text=&#8221;Na\u010din, kako pridobiti najbolj\u0161o re\u0161itev&#8221; font_container=&#8221;tag:h2|text_align:center&#8221; use_theme_fonts=&#8221;yes&#8221;][vc_empty_space height=&#8221;20px&#8221;][vc_row_inner][vc_column_inner width=&#8221;1\/4&#8243;][\/vc_column_inner][vc_column_inner width=&#8221;1\/2&#8243;][vc_column_text] Zaupajte nam svoje podatke prek obrazca in v kratkem \u010dasu boste prejeli odgovor, ki vam bo pomagal pri odlo\u010ditvah. Enostavno, hitro in zanesljivo. [\/vc_column_text][\/vc_column_inner][vc_column_inner width=&#8221;1\/4&#8243;][\/vc_column_inner][\/vc_row_inner][\/vc_column][\/vc_row][vc_row css=&#8221;.vc_custom_1652800632012{padding-bottom: 50px !important;}&#8221;][vc_column width=&#8221;1\/6&#8243;][\/vc_column][vc_column css_animation=&#8221;fadeInUp&#8221; width=&#8221;2\/3&#8243;][\/vc_column][vc_column [&hellip;]","og_url":"https:\/\/www.barber.si\/index.php\/contacts\/","og_site_name":"Kovinarstvo Barber","article_publisher":"https:\/\/www.facebook.com\/profile.php?id=100064103171417","article_modified_time":"2024-12-28T21:11:06+00:00","twitter_card":"summary_large_image","twitter_misc":{"Est. reading time":"1 minute"},"schema":{"@context":"https:\/\/schema.org","@graph":[{"@type":"WebPage","@id":"https:\/\/www.barber.si\/index.php\/contacts\/","url":"https:\/\/www.barber.si\/index.php\/contacts\/","name":"Contacts - Kovinarstvo Barber","isPartOf":{"@id":"https:\/\/www.barber.si\/#website"},"datePublished":"2022-05-12T14:01:16+00:00","dateModified":"2024-12-28T21:11:06+00:00","breadcrumb":{"@id":"https:\/\/www.barber.si\/index.php\/contacts\/#breadcrumb"},"inLanguage":"en","potentialAction":[{"@type":"ReadAction","target":["https:\/\/www.barber.si\/index.php\/contacts\/"]}]},{"@type":"BreadcrumbList","@id":"https:\/\/www.barber.si\/index.php\/contacts\/#breadcrumb","itemListElement":[{"@type":"ListItem","position":1,"name":"Home","item":"https:\/\/www.barber.si\/"},{"@type":"ListItem","position":2,"name":"Contacts"}]},{"@type":"WebSite","@id":"https:\/\/www.barber.si\/#website","url":"https:\/\/www.barber.si\/","name":"Kovinarstvo Barber","description":"Ograje | Nadstre&scaron;ki | Stopni&scaron;\u010da | Pergole","publisher":{"@id":"https:\/\/www.barber.si\/#organization"},"potentialAction":[{"@type":"SearchAction","target":{"@type":"EntryPoint","urlTemplate":"https:\/\/www.barber.si\/?s={search_term_string}"},"query-input":{"@type":"PropertyValueSpecification","valueRequired":true,"valueName":"search_term_string"}}],"inLanguage":"en"},{"@type":"Organization","@id":"https:\/\/www.barber.si\/#organization","name":"Kovinarstvo Barber","url":"https:\/\/www.barber.si\/","logo":{"@type":"ImageObject","inLanguage":"en","@id":"https:\/\/www.barber.si\/#\/schema\/logo\/image\/","url":"https:\/\/www.barber.si\/wp-content\/uploads\/2025\/01\/Right.Black_.Transp.png","contentUrl":"https:\/\/www.barber.si\/wp-content\/uploads\/2025\/01\/Right.Black_.Transp.png","width":9154,"height":1999,"caption":"Kovinarstvo Barber"},"image":{"@id":"https:\/\/www.barber.si\/#\/schema\/logo\/image\/"},"sameAs":["https:\/\/www.facebook.com\/profile.php?id=100064103171417"]}]}},"_links":{"self":[{"href":"https:\/\/www.barber.si\/index.php\/wp-json\/wp\/v2\/pages\/291","targetHints":{"allow":["GET"]}}],"collection":[{"href":"https:\/\/www.barber.si\/index.php\/wp-json\/wp\/v2\/pages"}],"about":[{"href":"https:\/\/www.barber.si\/index.php\/wp-json\/wp\/v2\/types\/page"}],"author":[{"embeddable":true,"href":"https:\/\/www.barber.si\/index.php\/wp-json\/wp\/v2\/users\/2"}],"replies":[{"embeddable":true,"href":"https:\/\/www.barber.si\/index.php\/wp-json\/wp\/v2\/comments?post=291"}],"version-history":[{"count":10,"href":"https:\/\/www.barber.si\/index.php\/wp-json\/wp\/v2\/pages\/291\/revisions"}],"predecessor-version":[{"id":1462,"href":"https:\/\/www.barber.si\/index.php\/wp-json\/wp\/v2\/pages\/291\/revisions\/1462"}],"wp:attachment":[{"href":"https:\/\/www.barber.si\/index.php\/wp-json\/wp\/v2\/media?parent=291"}],"curies":[{"name":"wp","href":"https:\/\/api.w.org\/{rel}","templated":true}]}}